{"id":315,"date":"2023-12-27T19:56:34","date_gmt":"2023-12-28T00:56:34","guid":{"rendered":"https:\/\/lightcoral-goat-985028.hostingersite.com\/v2\/?page_id=315"},"modified":"2023-12-27T19:56:34","modified_gmt":"2023-12-28T00:56:34","slug":"elementor-315","status":"publish","type":"page","link":"https:\/\/michelpaes.adv.br\/","title":{"rendered":"In\u00edcio"},"content":{"rendered":"<h2>Consulte um Advogado<\/h2>\n<h2>Fa\u00e7a com que sua voz seja ouvida pela Justi\u00e7a<\/h2>\n<h4>Direito C\u00edvel, Penal, Trabalhista, Fam\u00edlia e Sucess\u00f5es, Administrativo, Consumidor e Sa\u00fade<\/h4>\n<p>\t\t\t\t\t\t<img decoding=\"async\"  src=\"https:\/\/michelpaes.adv.br\/wp-content\/uploads\/2023\/12\/rawpixel-567016-unsplash-copyright-min-300x200.jpg?1759412597\" alt=\"rawpixel-567016-unsplash-copyright-min.jpg\" srcset=\"https:\/\/lightcoral-goat-985028.hostingersite.com\/wp-content\/uploads\/2023\/12\/rawpixel-567016-unsplash-copyright-min-300x200.jpg?1759412597 1x,https:\/\/lightcoral-goat-985028.hostingersite.com\/wp-content\/uploads\/2023\/12\/alvaro-serrano-133360-unsplash-copyright-300x200.jpg?1759412597 2x\"\/><\/p>\n<h2>Atuo em diversas \u00e1reas, dentro e fora dos tribunais<br \/>\n<\/h2>\n<p>Estado do Acre e adjac\u00eancias<\/p>\n<p>Proposi\u00e7\u00e3o de a\u00e7\u00f5es e defesa judicial, assist\u00eancia administrativa, comercial, consultoria, pareceres, arbitragem, media\u00e7\u00e3o e celebra\u00e7\u00e3o de acordos.<\/p>\n<p>\t\t\t\t\t\t\t\t\t\t\t\t\t\t\t<img decoding=\"async\" src=\"https:\/\/michelpaes.adv.br\/wp-content\/uploads\/elementor\/thumbs\/Direito-em-Foco-1024-x-300-px-1024-x-200-px-1-qhgikb8j5okur5ipa0esrq1g82yfd0osrx9gkcpvio.png\" title=\"Direito em Foco (1024 x 300 px) (1024 x 200 px) (1)\" alt=\"Direito em Foco (1024 x 300 px) (1024 x 200 px) (1)\" loading=\"lazy\" \/>\t\t\t\t\t\t\t\t\t\t\t\t\t\t\t<\/p>\n<p>Tem problemas e n\u00e3o sabe a quem recorrer?<\/p>\n<h4><a href=\"tel:(68)%2098118%202940\">Ligue (68) 98118 2940<\/a><\/h4>\n<p>\t\t\t\t\t<a role=\"button\"><br \/>\n\t\t\t\t\t\t\t\t\tEnvie uma mensagem<br \/>\n\t\t\t\t\t<\/a><\/p>\n","protected":false},"excerpt":{"rendered":"<p>Consulte um Advogado Fa\u00e7a com que sua voz seja ouvida pela Justi\u00e7a Direito C\u00edvel, Penal, Trabalhista, Fam\u00edlia e Sucess\u00f5es, Administrativo, Consumidor e Sa\u00fade Atuo em diversas \u00e1reas, dentro e fora dos tribunais Estado do Acre e adjac\u00eancias Proposi\u00e7\u00e3o de a\u00e7\u00f5es e defesa judicial, assist\u00eancia administrativa, comercial, consultoria, pareceres, arbitragem, media\u00e7\u00e3o e celebra\u00e7\u00e3o de acordos. Tem [&hellip;]<\/p>\n","protected":false},"author":1,"featured_media":0,"parent":0,"menu_order":0,"comment_status":"closed","ping_status":"closed","template":"","meta":{"_mbp_gutenberg_autopost":false,"footnotes":""},"class_list":["post-315","page","type-page","status-publish","hentry"],"_links":{"self":[{"href":"https:\/\/michelpaes.adv.br\/index.php\/wp-json\/wp\/v2\/pages\/315","targetHints":{"allow":["GET"]}}],"collection":[{"href":"https:\/\/michelpaes.adv.br\/index.php\/wp-json\/wp\/v2\/pages"}],"about":[{"href":"https:\/\/michelpaes.adv.br\/index.php\/wp-json\/wp\/v2\/types\/page"}],"author":[{"embeddable":true,"href":"https:\/\/michelpaes.adv.br\/index.php\/wp-json\/wp\/v2\/users\/1"}],"replies":[{"embeddable":true,"href":"https:\/\/michelpaes.adv.br\/index.php\/wp-json\/wp\/v2\/comments?post=315"}],"version-history":[{"count":0,"href":"https:\/\/michelpaes.adv.br\/index.php\/wp-json\/wp\/v2\/pages\/315\/revisions"}],"wp:attachment":[{"href":"https:\/\/michelpaes.adv.br\/index.php\/wp-json\/wp\/v2\/media?parent=315"}],"curies":[{"name":"wp","href":"https:\/\/api.w.org\/{rel}","templated":true}]}}