{"id":473,"date":"2023-12-28T04:13:08","date_gmt":"2023-12-28T04:13:08","guid":{"rendered":"https:\/\/lightcoral-goat-985028.hostingersite.com\/v2\/?page_id=473"},"modified":"2025-12-01T17:41:43","modified_gmt":"2025-12-01T20:41:43","slug":"localizacao","status":"publish","type":"page","link":"https:\/\/michelpaes.adv.br\/index.php\/localizacao\/","title":{"rendered":"Localiza\u00e7\u00e3o"},"content":{"rendered":"\n<h2 class=\"wp-block-heading\">Regi\u00e3o de atua\u00e7\u00e3o &#8211; Acre e adjac\u00eancias<\/h2>\n\n\n\n<p>Atuamos em Rio Branco, capital, e em todos os munic\u00edpios do Acre, al\u00e9m de algumas regi\u00f5es do Amazonas e Rond\u00f4nia.<\/p>\n\n\n\n<p>Se voc\u00ea reside nestas regi\u00f5es, se necessita de representa\u00e7\u00e3o mesmo morando em outros locais, ou se tem uma situa\u00e7\u00e3o em particular, entre em contato, ficaremos felizes em ajudar.<\/p>\n\n\n\n<p><\/p>\n\n\n\n<div class=\"wp-block-gmap-gmap-block gmap-block-t0k5ucc0\"><iframe src=\"https:\/\/maps.google.com\/maps?q=Acre&#038;z=6&#038;t=h&#038;output=embed\" class=\"embd-map\" title=\"Acre\" style=\"width:100%; height:auto; aspect-ratio:4\/3;\"><\/iframe><\/div>\n<p><\/p>\n\n\n\n<p><\/p>\n","protected":false},"excerpt":{"rendered":"<p>Regi\u00e3o de atua\u00e7\u00e3o &#8211; Acre e adjac\u00eancias Atuamos em Rio Branco, capital, e em todos os munic\u00edpios do Acre, al\u00e9m de algumas regi\u00f5es do Amazonas e Rond\u00f4nia. Se voc\u00ea reside nestas regi\u00f5es, se necessita de representa\u00e7\u00e3o mesmo morando em outros locais, ou se tem uma situa\u00e7\u00e3o em particular, entre em contato, ficaremos felizes em ajudar.<\/p>\n","protected":false},"author":1,"featured_media":0,"parent":0,"menu_order":0,"comment_status":"closed","ping_status":"closed","template":"page-templates\/template-pagebuilder-full-width.php","meta":{"_mbp_gutenberg_autopost":false,"footnotes":""},"class_list":["post-473","page","type-page","status-publish","hentry"],"_links":{"self":[{"href":"https:\/\/michelpaes.adv.br\/index.php\/wp-json\/wp\/v2\/pages\/473","targetHints":{"allow":["GET"]}}],"collection":[{"href":"https:\/\/michelpaes.adv.br\/index.php\/wp-json\/wp\/v2\/pages"}],"about":[{"href":"https:\/\/michelpaes.adv.br\/index.php\/wp-json\/wp\/v2\/types\/page"}],"author":[{"embeddable":true,"href":"https:\/\/michelpaes.adv.br\/index.php\/wp-json\/wp\/v2\/users\/1"}],"replies":[{"embeddable":true,"href":"https:\/\/michelpaes.adv.br\/index.php\/wp-json\/wp\/v2\/comments?post=473"}],"version-history":[{"count":7,"href":"https:\/\/michelpaes.adv.br\/index.php\/wp-json\/wp\/v2\/pages\/473\/revisions"}],"predecessor-version":[{"id":1023,"href":"https:\/\/michelpaes.adv.br\/index.php\/wp-json\/wp\/v2\/pages\/473\/revisions\/1023"}],"wp:attachment":[{"href":"https:\/\/michelpaes.adv.br\/index.php\/wp-json\/wp\/v2\/media?parent=473"}],"curies":[{"name":"wp","href":"https:\/\/api.w.org\/{rel}","templated":true}]}}