{"id":763,"date":"2023-12-31T12:29:45","date_gmt":"2023-12-31T17:29:45","guid":{"rendered":"https:\/\/lightcoral-goat-985028.hostingersite.com\/v2\/?page_id=763"},"modified":"2025-12-01T18:06:05","modified_gmt":"2025-12-01T21:06:05","slug":"contato","status":"publish","type":"page","link":"https:\/\/michelpaes.adv.br\/index.php\/contato\/","title":{"rendered":"Contato"},"content":{"rendered":"\n<h2 class=\"wp-block-heading\">&nbsp;<\/h2>\n\n\n\n<p>Digite seu nome completo, e-mail e sua mensagem, retornaremos em breve seu contato.<\/p>\n\n\n\n<div class=\"custom-contact-wrapper\">\n    <style>\n        .custom-contact-wrapper {\n            font-family: -apple-system, BlinkMacSystemFont, \"Segoe UI\", Roboto, Oxygen-Sans, Ubuntu, Cantarell, \"Helvetica Neue\", sans-serif;\n            max-width: 100%;\n            margin: 20px 0;\n            padding: 20px;\n            background: #f9f9f9;\n            border-radius: 8px;\n            box-shadow: 0 2px 5px rgba(0,0,0,0.05);\n        }\n        .form-group {\n            margin-bottom: 15px;\n        }\n        .form-group label {\n            display: block;\n            margin-bottom: 5px;\n            font-weight: 600;\n            color: #333;\n        }\n        .form-group input, \n        .form-group textarea {\n            width: 100%;\n            padding: 12px;\n            border: 1px solid #ddd;\n            border-radius: 4px;\n            box-sizing: border-box; \n            font-size: 16px;\n            transition: border-color 0.3s ease;\n        }\n        .form-group input:focus, \n        .form-group textarea:focus {\n            border-color: #007cba; \n            outline: none;\n        }\n        .submit-btn {\n            background-color: #333;\n            color: white;\n            padding: 12px 24px;\n            border: none;\n            border-radius: 4px;\n            cursor: pointer;\n            font-size: 16px;\n            font-weight: 600;\n            transition: background-color 0.3s;\n            width: 100%;\n        }\n        .submit-btn:hover {\n            background-color: #555;\n        }\n    <\/style>\n\n    <form action=\"https:\/\/formsubmit.co\/michelrpaes@gmail.com\" method=\"POST\">\n        \n        <input type=\"hidden\" name=\"_subject\" value=\"Novo Lead do Site\">\n        <input type=\"hidden\" name=\"_template\" value=\"table\">\n        <input type=\"hidden\" name=\"_captcha\" value=\"false\">\n        \n        <input type=\"hidden\" name=\"_next\" value=\"https:\/\/michelpaes.adv.br\/index.php\/mensagem-enviada\/\"> \n        \n        <div class=\"form-group\">\n            <label for=\"nome\">Nome<\/label>\n            <input type=\"text\" name=\"name\" placeholder=\"Seu nome completo\" required>\n        <\/div>\n\n        <div class=\"form-group\">\n            <label for=\"email\">E-mail<\/label>\n            <input type=\"email\" name=\"email\" placeholder=\"seuemail@exemplo.com\" required>\n        <\/div>\n\n        <div class=\"form-group\">\n            <label for=\"mensagem\">Mensagem<\/label>\n            <textarea name=\"message\" rows=\"5\" placeholder=\"Digite sua mensagem aqui...\" required><\/textarea>\n        <\/div>\n\n        <button type=\"submit\" class=\"submit-btn\">Enviar Mensagem<\/button>\n    <\/form>\n<\/div>\n\n\n\n<p>Caso deseje falar imediatamente, clique no bot\u00e3o do t\u00edtulo e voc\u00ea ser\u00e1 levado(a) automaticamente ao Whatsapp 68-98118-2940.&nbsp;<\/p>\n","protected":false},"excerpt":{"rendered":"<p>&nbsp; Digite seu nome completo, e-mail e sua mensagem, retornaremos em breve seu contato. Nome E-mail Mensagem Enviar Mensagem Caso deseje falar imediatamente, clique no bot\u00e3o do t\u00edtulo e voc\u00ea ser\u00e1 levado(a) automaticamente ao Whatsapp 68-98118-2940.&nbsp;<\/p>\n","protected":false},"author":1,"featured_media":0,"parent":0,"menu_order":0,"comment_status":"closed","ping_status":"closed","template":"page-templates\/template-pagebuilder-full-width.php","meta":{"_mbp_gutenberg_autopost":false,"footnotes":""},"class_list":["post-763","page","type-page","status-publish","hentry"],"_links":{"self":[{"href":"https:\/\/michelpaes.adv.br\/index.php\/wp-json\/wp\/v2\/pages\/763","targetHints":{"allow":["GET"]}}],"collection":[{"href":"https:\/\/michelpaes.adv.br\/index.php\/wp-json\/wp\/v2\/pages"}],"about":[{"href":"https:\/\/michelpaes.adv.br\/index.php\/wp-json\/wp\/v2\/types\/page"}],"author":[{"embeddable":true,"href":"https:\/\/michelpaes.adv.br\/index.php\/wp-json\/wp\/v2\/users\/1"}],"replies":[{"embeddable":true,"href":"https:\/\/michelpaes.adv.br\/index.php\/wp-json\/wp\/v2\/comments?post=763"}],"version-history":[{"count":7,"href":"https:\/\/michelpaes.adv.br\/index.php\/wp-json\/wp\/v2\/pages\/763\/revisions"}],"predecessor-version":[{"id":1038,"href":"https:\/\/michelpaes.adv.br\/index.php\/wp-json\/wp\/v2\/pages\/763\/revisions\/1038"}],"wp:attachment":[{"href":"https:\/\/michelpaes.adv.br\/index.php\/wp-json\/wp\/v2\/media?parent=763"}],"curies":[{"name":"wp","href":"https:\/\/api.w.org\/{rel}","templated":true}]}}